
{"id":8,"date":"2021-04-14T18:33:58","date_gmt":"2021-04-14T18:33:58","guid":{"rendered":"https:\/\/ehnelur.com\/?page_id=8"},"modified":"2021-07-23T08:14:49","modified_gmt":"2021-07-23T08:14:49","slug":"personalizar-cookies","status":"publish","type":"page","link":"https:\/\/ehnelur.com\/?page_id=8","title":{"rendered":"Configuraci\u00f3n Cookies"},"content":{"rendered":"\n<h2 class=\"wp-block-heading\"><strong><u>\u00bfPara qu\u00e9 finalidades se utiliza mi informaci\u00f3n y qui\u00e9nes la utilizan?<\/u><\/strong><\/h2>\n\n\n\n<p>Este Sitio Web utiliza cookies propias y de otras entidades, para poder acceder y usar su informaci\u00f3n para las finalidades que se indican a continuaci\u00f3n. Si no est\u00e1 de acuerdo con alguna de estas finalidades, podr\u00e1 personalizar sus opciones a trav\u00e9s de esta pantalla.<br><br>Nosotros y las empresas que colaboran con nosotros, tales como anunciantes, operadores publicitarios e intermediarios, usaremos su informaci\u00f3n obtenida a trav\u00e9s de las cookies. Para conocer las empresas colaboradoras que incorporan sus cookies en nuestro sitio web puede acceder a trav\u00e9s del bot\u00f3n&nbsp;<strong>Ver nuestros socios<\/strong>.&nbsp; Puede configurar sus preferencias de consentimiento por separado para cada uno de los socios mencionados.<br><br><strong>Informaci\u00f3n adicional: <\/strong>Puede conocer la informaci\u00f3n completa sobre el uso de las cookies, su configuraci\u00f3n, origen, finalidades y derechos en nuestra&nbsp;<a href=\"https:\/\/ehnelur.com\/?page_id=408\" data-type=\"page\" data-id=\"408\"><strong>Pol\u00edtica de Cookies<\/strong>.<\/a><br><br>Usted permite el uso de las cookies para las siguientes finalidades:<\/p>\n\n\n\n<p><strong>+<\/strong><strong>Almacenar o acceder a informaci\u00f3n en un dispositivo<\/strong><\/p>\n\n\n\n<p><strong>+<\/strong><strong>Seleccionar anuncios b\u00e1sicos&nbsp;&nbsp;&nbsp;&nbsp;&nbsp;&nbsp;&nbsp;&nbsp;&nbsp;&nbsp;&nbsp;&nbsp;&nbsp;&nbsp;&nbsp;&nbsp;&nbsp;&nbsp;&nbsp;&nbsp;&nbsp;&nbsp;&nbsp;&nbsp;&nbsp;&nbsp;&nbsp;&nbsp;&nbsp;&nbsp;&nbsp;&nbsp;&nbsp;&nbsp;&nbsp;&nbsp;&nbsp;&nbsp;&nbsp;&nbsp;&nbsp;&nbsp;&nbsp; &nbsp;&nbsp;&nbsp;&nbsp;Aceptar Rechazar<\/strong><strong><\/strong><\/p>\n\n\n\n<p><strong>+<\/strong><strong>Crear un perfil publicitario personalizado<\/strong><strong> &nbsp;&nbsp;&nbsp;&nbsp;&nbsp;&nbsp;&nbsp;&nbsp;&nbsp;&nbsp;&nbsp;&nbsp;&nbsp;&nbsp;&nbsp;&nbsp;&nbsp;&nbsp;&nbsp;&nbsp;&nbsp;&nbsp;&nbsp;&nbsp;&nbsp;&nbsp;&nbsp;&nbsp;&nbsp;&nbsp;&nbsp;&nbsp;&nbsp;<\/strong><strong>Aceptar<\/strong><strong> Rechazar<\/strong><strong><\/strong><\/p>\n\n\n\n<p><strong>+<\/strong><strong>Seleccionar anuncios personalizados<\/strong><strong> &nbsp;&nbsp;&nbsp;&nbsp;&nbsp;&nbsp;&nbsp;&nbsp;&nbsp;&nbsp;&nbsp;&nbsp;&nbsp;&nbsp;&nbsp;&nbsp;&nbsp;&nbsp;&nbsp;&nbsp;&nbsp;&nbsp;&nbsp;&nbsp;&nbsp;&nbsp;&nbsp;&nbsp;&nbsp;&nbsp;&nbsp;&nbsp;&nbsp;&nbsp;&nbsp;&nbsp;&nbsp;&nbsp;&nbsp;&nbsp;<\/strong><strong>Aceptar Rechazar<\/strong><strong><\/strong><\/p>\n\n\n\n<p><strong>+<\/strong><strong>Crear un perfil para la personalizaci\u00f3n de contenidos&nbsp;&nbsp;&nbsp; &nbsp;&nbsp;&nbsp;&nbsp;&nbsp;Aceptar Rechazar<\/strong><strong><\/strong><\/p>\n\n\n\n<p><strong>+<\/strong><strong>Seleccionar contenido personalizado&nbsp;&nbsp;&nbsp;&nbsp;&nbsp;&nbsp;&nbsp;&nbsp;&nbsp;&nbsp;&nbsp;&nbsp;&nbsp;&nbsp;&nbsp;&nbsp;&nbsp;&nbsp;&nbsp;&nbsp;&nbsp;&nbsp;&nbsp;&nbsp;&nbsp;&nbsp;&nbsp;&nbsp;&nbsp;&nbsp; &nbsp;&nbsp;&nbsp;&nbsp;&nbsp;Aceptar Rechazar<\/strong><strong><\/strong><\/p>\n\n\n\n<p><strong>+<\/strong><strong>Medir el rendimiento de los anuncios<\/strong><strong> &nbsp;&nbsp;&nbsp;&nbsp;&nbsp;&nbsp;&nbsp;&nbsp;&nbsp;&nbsp;&nbsp;&nbsp;&nbsp;&nbsp;&nbsp;&nbsp;&nbsp;&nbsp;&nbsp;&nbsp;&nbsp;&nbsp;&nbsp;&nbsp;&nbsp;&nbsp;&nbsp;&nbsp;&nbsp;&nbsp;&nbsp;&nbsp;&nbsp;&nbsp;&nbsp;&nbsp;&nbsp;&nbsp;&nbsp;&nbsp;&nbsp;<\/strong><strong>Aceptar<\/strong><strong> Rechazar<\/strong><strong><\/strong><\/p>\n\n\n\n<p><strong>+<\/strong><strong>Medir el rendimiento del contenido&nbsp;&nbsp;&nbsp;&nbsp;&nbsp;&nbsp;&nbsp;&nbsp;&nbsp;&nbsp;&nbsp;&nbsp;&nbsp;&nbsp;&nbsp;&nbsp;&nbsp;&nbsp;&nbsp;&nbsp;&nbsp;&nbsp;&nbsp;&nbsp;&nbsp;&nbsp;&nbsp;&nbsp;&nbsp;&nbsp;&nbsp;&nbsp;&nbsp;&nbsp;&nbsp; &nbsp;&nbsp;&nbsp;&nbsp;&nbsp;&nbsp;&nbsp;Aceptar Rechazar<\/strong><strong><\/strong><\/p>\n\n\n\n<p><strong>+<\/strong><strong>Utilizar estudios de mercado a fin de generar informaci\u00f3n<\/strong><\/p>\n\n\n\n<p><strong>sobre el p\u00fablico<\/strong><strong> &nbsp;&nbsp;&nbsp;&nbsp;&nbsp;&nbsp;&nbsp;&nbsp;&nbsp;&nbsp;&nbsp;&nbsp;&nbsp;&nbsp;&nbsp;&nbsp;&nbsp;&nbsp;&nbsp;&nbsp;&nbsp;&nbsp;&nbsp;&nbsp;&nbsp;&nbsp;&nbsp;&nbsp;&nbsp;&nbsp;&nbsp;&nbsp;&nbsp;&nbsp;&nbsp;&nbsp;&nbsp;&nbsp;&nbsp;&nbsp;&nbsp;&nbsp;&nbsp;&nbsp;&nbsp;&nbsp;&nbsp;&nbsp;&nbsp;&nbsp;&nbsp;&nbsp;&nbsp;&nbsp;&nbsp;&nbsp;&nbsp;&nbsp;&nbsp;&nbsp;&nbsp;&nbsp;&nbsp;&nbsp;&nbsp;&nbsp;&nbsp;&nbsp;&nbsp;&nbsp;&nbsp;&nbsp;&nbsp;&nbsp;&nbsp;&nbsp;&nbsp;&nbsp;&nbsp;&nbsp;&nbsp;&nbsp;&nbsp;&nbsp;&nbsp;<\/strong><strong>Aceptar<\/strong><strong> Rechazar<\/strong><strong><\/strong><\/p>\n\n\n\n<p><strong>+<\/strong><strong>Desarrollar y mejorar productos&nbsp;&nbsp;&nbsp;&nbsp;&nbsp;&nbsp;&nbsp;&nbsp;&nbsp;&nbsp;&nbsp;&nbsp;&nbsp;&nbsp;&nbsp;&nbsp;&nbsp;&nbsp;&nbsp;&nbsp;&nbsp;&nbsp;&nbsp;&nbsp;&nbsp;&nbsp;&nbsp;&nbsp;&nbsp;&nbsp;&nbsp;&nbsp;&nbsp;&nbsp;&nbsp;&nbsp; &nbsp;&nbsp;&nbsp;&nbsp;&nbsp;&nbsp;&nbsp;&nbsp;Aceptar Rechazar<\/strong><\/p>\n\n\n\n<p><strong>+<\/strong><strong>Compartir datos y perfiles no vinculados a su identidad &nbsp;&nbsp;&nbsp;&nbsp;&nbsp;Aceptar Rechazar<\/strong><\/p>\n\n\n\n<p><strong>+<\/strong><strong>Utilizar datos de localizaci\u00f3n geogr\u00e1fica precisa&nbsp;&nbsp;&nbsp; &nbsp;&nbsp;&nbsp;&nbsp;&nbsp;&nbsp;&nbsp;&nbsp;&nbsp;&nbsp;&nbsp;&nbsp;&nbsp;&nbsp;Aceptar Rechazar<\/strong><strong><\/strong><\/p>\n\n\n\n<p>Si das tu consentimiento para los fines anteriores, tambi\u00e9n permites que este sitio web y sus socios operen el procesamiento de los siguientes datos:&nbsp;<\/p>\n\n\n\n<p>Cotejar y combinar fuentes de datos off line,&nbsp;Garantizar la seguridad, evitar fraudes y depurar errores,&nbsp;Recibir y utilizar para su identificaci\u00f3n las caracter\u00edsticas del dispositivo que se env\u00edan autom\u00e1ticamente,&nbsp;Servir t\u00e9cnicamente anuncios o contenido, y&nbsp;Vincular diferentes dispositivos<\/p>\n","protected":false},"excerpt":{"rendered":"<p>\u00bfPara qu\u00e9 finalidades se utiliza mi informaci\u00f3n y qui\u00e9nes la utilizan? Este Sitio Web utiliza cookies propias y de otras entidades, para poder acceder y usar su informaci\u00f3n para las finalidades que se indican a continuaci\u00f3n. Si no est\u00e1 de acuerdo con alguna de estas finalidades, podr\u00e1 personalizar sus opciones a trav\u00e9s de esta pantalla. &#8230; <a title=\"Configuraci\u00f3n Cookies\" class=\"read-more\" href=\"https:\/\/ehnelur.com\/?page_id=8\" aria-label=\"Leer m\u00e1s sobre Configuraci\u00f3n Cookies\">Leer m\u00e1s<\/a><\/p>\n","protected":false},"author":1,"featured_media":0,"parent":0,"menu_order":0,"comment_status":"closed","ping_status":"closed","template":"","meta":{"footnotes":""},"class_list":["post-8","page","type-page","status-publish"],"_links":{"self":[{"href":"https:\/\/ehnelur.com\/index.php?rest_route=\/wp\/v2\/pages\/8","targetHints":{"allow":["GET"]}}],"collection":[{"href":"https:\/\/ehnelur.com\/index.php?rest_route=\/wp\/v2\/pages"}],"about":[{"href":"https:\/\/ehnelur.com\/index.php?rest_route=\/wp\/v2\/types\/page"}],"author":[{"embeddable":true,"href":"https:\/\/ehnelur.com\/index.php?rest_route=\/wp\/v2\/users\/1"}],"replies":[{"embeddable":true,"href":"https:\/\/ehnelur.com\/index.php?rest_route=%2Fwp%2Fv2%2Fcomments&post=8"}],"version-history":[{"count":0,"href":"https:\/\/ehnelur.com\/index.php?rest_route=\/wp\/v2\/pages\/8\/revisions"}],"wp:attachment":[{"href":"https:\/\/ehnelur.com\/index.php?rest_route=%2Fwp%2Fv2%2Fmedia&parent=8"}],"curies":[{"name":"wp","href":"https:\/\/api.w.org\/{rel}","templated":true}]}}